{"id":1580,"date":"2022-02-24T09:17:46","date_gmt":"2022-02-24T08:17:46","guid":{"rendered":"https:\/\/amajet.tecmotion.de\/contact\/"},"modified":"2025-05-19T15:06:13","modified_gmt":"2025-05-19T13:06:13","slug":"contact","status":"publish","type":"page","link":"https:\/\/amajet.tecmotion.de\/en\/contact\/","title":{"rendered":"Contact"},"content":{"rendered":"\t\t<div data-elementor-type=\"wp-page\" data-elementor-id=\"1580\" class=\"elementor elementor-1580 elementor-566\">\n\t\t\t\t\t\t\t\t\t<section data-particle_enable=\"false\" data-particle-mobile-disabled=\"false\" class=\"elementor-section elementor-top-section elementor-element elementor-element-3ca49f2c elementor-section-boxed elementor-section-height-default elementor-section-height-default\" data-id=\"3ca49f2c\" data-element_type=\"section\">\n\t\t\t\t\t\t<div class=\"elementor-container elementor-column-gap-wider\">\n\t\t\t\t\t<div class=\"elementor-column elementor-col-50 elementor-top-column elementor-element elementor-element-239e40af\" data-id=\"239e40af\" data-element_type=\"column\" data-settings=\"{&quot;background_background&quot;:&quot;classic&quot;}\">\n\t\t\t<div class=\"elementor-widget-wrap elementor-element-populated\">\n\t\t\t\t\t<div class=\"elementor-background-overlay\"><\/div>\n\t\t\t\t\t\t\t\t<div class=\"elementor-element elementor-element-1e3a0e79 elementor-widget elementor-widget-text-editor\" data-id=\"1e3a0e79\" data-element_type=\"widget\" data-widget_type=\"text-editor.default\">\n\t\t\t\t<div class=\"elementor-widget-container\">\n\t\t\t<style>\/*! elementor - v3.17.0 - 01-11-2023 *\/\n.elementor-widget-text-editor.elementor-drop-cap-view-stacked .elementor-drop-cap{background-color:#69727d;color:#fff}.elementor-widget-text-editor.elementor-drop-cap-view-framed .elementor-drop-cap{color:#69727d;border:3px solid;background-color:transparent}.elementor-widget-text-editor:not(.elementor-drop-cap-view-default) .elementor-drop-cap{margin-top:8px}.elementor-widget-text-editor:not(.elementor-drop-cap-view-default) .elementor-drop-cap-letter{width:1em;height:1em}.elementor-widget-text-editor .elementor-drop-cap{float:left;text-align:center;line-height:1;font-size:50px}.elementor-widget-text-editor .elementor-drop-cap-letter{display:inline-block}<\/style>\t\t\t\t\t\t\t\t\t\t<\/div>\n\t\t\t\t<\/div>\n\t\t\t\t\t<\/div>\n\t\t<\/div>\n\t\t\t\t<div class=\"elementor-column elementor-col-50 elementor-top-column elementor-element elementor-element-7a163b30\" data-id=\"7a163b30\" data-element_type=\"column\">\n\t\t\t<div class=\"elementor-widget-wrap elementor-element-populated\">\n\t\t\t\t\t\t\t\t<div class=\"elementor-element elementor-element-1a680d4f elementor-widget elementor-widget-heading\" data-id=\"1a680d4f\" data-element_type=\"widget\" data-widget_type=\"heading.default\">\n\t\t\t\t<div class=\"elementor-widget-container\">\n\t\t\t<style>\/*! elementor - v3.17.0 - 01-11-2023 *\/\n.elementor-heading-title{padding:0;margin:0;line-height:1}.elementor-widget-heading .elementor-heading-title[class*=elementor-size-]>a{color:inherit;font-size:inherit;line-height:inherit}.elementor-widget-heading .elementor-heading-title.elementor-size-small{font-size:15px}.elementor-widget-heading .elementor-heading-title.elementor-size-medium{font-size:19px}.elementor-widget-heading .elementor-heading-title.elementor-size-large{font-size:29px}.elementor-widget-heading .elementor-heading-title.elementor-size-xl{font-size:39px}.elementor-widget-heading .elementor-heading-title.elementor-size-xxl{font-size:59px}<\/style><h3 class=\"elementor-heading-title elementor-size-default\">Contact \/ contact person<\/h3>\t\t<\/div>\n\t\t\t\t<\/div>\n\t\t\t\t<div class=\"elementor-element elementor-element-73baca5b elementor-widget elementor-widget-text-editor\" data-id=\"73baca5b\" data-element_type=\"widget\" data-widget_type=\"text-editor.default\">\n\t\t\t\t<div class=\"elementor-widget-container\">\n\t\t\t\t\t\t\t<p><strong><b>KSB Service GmbH<br \/><\/b><\/strong><b><\/b><span style=\"font-style: inherit; font-weight: inherit; color: var( --e-global-color-text ); font-family: var( --e-global-typography-text-font-family ), Sans-serif;\">Turmstra\u00dfe 92<br \/><\/span><span style=\"font-style: inherit; font-weight: inherit; font-family: var( --e-global-typography-text-font-family ), Sans-serif; color: var( --e-global-color-text );\">06110 Halle (Saale)<br \/><\/span><a style=\"font-style: inherit; font-weight: inherit; font-family: var( --e-global-typography-text-font-family ), Sans-serif; background-color: #ffffff;\" href=\"https:\/\/www.ksb.com\">www.ksb.com<\/a><span style=\"font-style: inherit; font-weight: inherit; font-family: var( --e-global-typography-text-font-family ), Sans-serif; color: var( --e-global-color-text );\"><br \/><\/span><\/p><p><strong>Contact person:<\/strong><\/p><p>Mr. Andreas Kitt<br \/>Phone +49 345 4826-4809 <br \/>Fax +49 345 4826-4934<br \/>E-mail <a class=\"moz-txt-link-abbreviated\" href=\"mailto:andreas.kitt@ksb.com\">andreas.kitt@ksb.com<\/a><\/p>\t\t\t\t\t\t<\/div>\n\t\t\t\t<\/div>\n\t\t\t\t<div class=\"elementor-element elementor-element-ae70c37 elementor-widget elementor-widget-heading\" data-id=\"ae70c37\" data-element_type=\"widget\" data-widget_type=\"heading.default\">\n\t\t\t\t<div class=\"elementor-widget-container\">\n\t\t\t<h2 class=\"elementor-heading-title elementor-size-default\">Imprint<\/h2>\t\t<\/div>\n\t\t\t\t<\/div>\n\t\t\t\t<div class=\"elementor-element elementor-element-956f73a elementor-widget elementor-widget-text-editor\" data-id=\"956f73a\" data-element_type=\"widget\" data-widget_type=\"text-editor.default\">\n\t\t\t\t<div class=\"elementor-widget-container\">\n\t\t\t\t\t\t\t<p><b>Publisher:<\/b><\/p><p><span style=\"font-style: inherit; color: var( --e-global-color-text ); font-family: var( --e-global-typography-text-font-family ), Sans-serif;\"><b>KSB Service GmbH<br \/><\/b><\/span>E-Mail\u00a0<a style=\"font-family: var( --e-global-typography-text-font-family ), Sans-serif; font-weight: var( --e-global-typography-text-font-weight ); background-color: #ffffff; font-size: 1rem;\" href=\"mailto:service-center-halle@ksb.com\" target=\"_blank\" rel=\"noopener\">service-center-halle@ksb.com<\/a><\/p><p><strong>Acknowledgements<br \/><\/strong><\/p><p>Hamburger<br \/>Stadtentw\u00e4sserung<br \/><span style=\"font-style: inherit; font-weight: inherit; color: var( --e-global-color-text ); font-family: var( --e-global-typography-text-font-family ), Sans-serif;\">Abwasserbetrieb Stadt Augsburg, Stadtentw\u00e4sserung<br \/><\/span><span style=\"font-style: inherit; font-weight: inherit; color: var( --e-global-color-text ); font-family: var( --e-global-typography-text-font-family ), Sans-serif;\">P-D ChemiePark Bitterfeld Wolfen GmbH<br \/>Hallesche Wasser und Abwasser GmbH<br \/>Kl\u00e4ranlage Rodenbach<br \/><\/span><span style=\"font-style: inherit; font-weight: inherit; color: var( --e-global-color-text ); font-family: var( --e-global-typography-text-font-family ), Sans-serif;\">Kl\u00e4ranlage Oberkirch<br \/><\/span><span style=\"font-style: inherit; font-weight: inherit; color: var( --e-global-color-text ); font-family: var( --e-global-typography-text-font-family ), Sans-serif;\">United Utilities, Liverpool<br \/><\/span><span style=\"font-style: inherit; font-weight: inherit; color: var( --e-global-color-text ); font-family: var( --e-global-typography-text-font-family ), Sans-serif;\">Thames Water, London<\/span><\/p><p><span style=\"font-weight: bold;\">Concept\/Design\/Realization:<\/span><\/p><p>tecmotion<br \/>Halle (Saale)<br \/>E-Mail\u00a0<a href=\"mailto:service@tecmotion.de\" target=\"_blank\" rel=\"noopener\">service@tecmotion.de<\/a><br \/><a href=\"https:\/\/tecmotion.de\/\" target=\"_blank\" rel=\"noopener\">www.tecmotion.de<\/a><\/p><p><span style=\"font-style: inherit; font-weight: inherit; color: var( --e-global-color-text ); font-family: var( --e-global-typography-text-font-family ), Sans-serif;\">\u00a0<\/span><\/p><div>\u00a0<\/div>\t\t\t\t\t\t<\/div>\n\t\t\t\t<\/div>\n\t\t\t\t\t<\/div>\n\t\t<\/div>\n\t\t\t\t\t\t\t<\/div>\n\t\t<\/section>\n\t\t\t\t\t\t\t<\/div>\n\t\t","protected":false},"excerpt":{"rendered":"<p>Contact \/ contact person KSB Service GmbHTurmstra\u00dfe 9206110 Halle (Saale)www.ksb.com Contact person: Mr. Andreas KittPhone +49 345 4826-4809 Fax +49 345 4826-4934E-mail andreas.kitt@ksb.com Imprint Publisher: KSB Service GmbHE-Mail\u00a0service-center-halle@ksb.com Acknowledgements HamburgerStadtentw\u00e4sserungAbwasserbetrieb Stadt Augsburg, Stadtentw\u00e4sserungP-D ChemiePark Bitterfeld Wolfen GmbHHallesche Wasser und Abwasser GmbHKl\u00e4ranlage RodenbachKl\u00e4ranlage OberkirchUnited Utilities, LiverpoolThames Water, London Concept\/Design\/Realization: tecmotionHalle (Saale)E-Mail\u00a0service@tecmotion.dewww.tecmotion.de \u00a0 \u00a0<\/p>\n","protected":false},"author":1,"featured_media":0,"parent":0,"menu_order":0,"comment_status":"closed","ping_status":"closed","template":"","meta":{"site-sidebar-layout":"no-sidebar","site-content-layout":"page-builder","ast-main-header-display":"","ast-hfb-above-header-display":"","ast-hfb-below-header-display":"","ast-hfb-mobile-header-display":"","site-post-title":"disabled","ast-breadcrumbs-content":"","ast-featured-img":"disabled","footer-sml-layout":"","theme-transparent-header-meta":"","adv-header-id-meta":"","stick-header-meta":"","header-above-stick-meta":"","header-main-stick-meta":"","header-below-stick-meta":"","footnotes":""},"acf":[],"_links":{"self":[{"href":"https:\/\/amajet.tecmotion.de\/en\/wp-json\/wp\/v2\/pages\/1580"}],"collection":[{"href":"https:\/\/amajet.tecmotion.de\/en\/wp-json\/wp\/v2\/pages"}],"about":[{"href":"https:\/\/amajet.tecmotion.de\/en\/wp-json\/wp\/v2\/types\/page"}],"author":[{"embeddable":true,"href":"https:\/\/amajet.tecmotion.de\/en\/wp-json\/wp\/v2\/users\/1"}],"replies":[{"embeddable":true,"href":"https:\/\/amajet.tecmotion.de\/en\/wp-json\/wp\/v2\/comments?post=1580"}],"version-history":[{"count":20,"href":"https:\/\/amajet.tecmotion.de\/en\/wp-json\/wp\/v2\/pages\/1580\/revisions"}],"predecessor-version":[{"id":2902,"href":"https:\/\/amajet.tecmotion.de\/en\/wp-json\/wp\/v2\/pages\/1580\/revisions\/2902"}],"wp:attachment":[{"href":"https:\/\/amajet.tecmotion.de\/en\/wp-json\/wp\/v2\/media?parent=1580"}],"curies":[{"name":"wp","href":"https:\/\/api.w.org\/{rel}","templated":true}]}}